{"id":6,"date":"2018-10-08T06:38:49","date_gmt":"2018-10-08T06:38:49","guid":{"rendered":"http:\/\/www.cassavaequipment.com\/?page_id=6"},"modified":"2018-10-15T06:21:45","modified_gmt":"2018-10-15T06:21:45","slug":"about-us","status":"publish","type":"page","link":"https:\/\/www.cassavaequipment.com\/es\/about-us","title":{"rendered":"Sobre nosotros"},"content":{"rendered":"<p class=\"translation-block\"><strong><b>Nuestra ubicaci\u00f3n empresarial <\/b><\/strong><\/p> <p style=\"color: #000;\">Zhengzhou Taizy\u00a0Machinery Co., Ltd\u00a0es una empresa reconocida que integra investigaci\u00f3n cient\u00edfica, desarrollo, dise\u00f1o, fabricaci\u00f3n y ventas en su conjunto. Est\u00e1 ubicada en la Zona de Desarrollo Econ\u00f3mico y Tecnol\u00f3gico de Zhengzhou, que es un centro comercial y econ\u00f3mico, que se dedica principalmente a la importaci\u00f3n y exportaci\u00f3n de equipos mec\u00e1nicos. Aqu\u00ed cuenta con m\u00e1s de 300 empleados, todos motivados con la alegr\u00eda de trabajar en familia.<\/p> <p class=\"translation-block\"><img style=\"width: 800px\" src=\"http:\/\/www.cassavaequipment.com\/images\/About-us1.jpg\" alt=\"about-us1\" \/><br \/> <strong><b>Nuestros principales productos y mercado<\/b><\/strong><\/p> <p style=\"color: #000;\">Nuestros productos principales incluyen trilladora, lavadora de yuca, m\u00e1quina trituradora y filtradora, m\u00e1quina filtradora de yuca, m\u00e1quina filtradora, m\u00e1quina desarenadora de yuca, m\u00e1quina secadora de almid\u00f3n. En los \u00faltimos a\u00f1os, nuestros productos han gozado de gran popularidad en el mercado de \u00c1frica y el sudeste asi\u00e1tico, como Nigeria. , Kenia, Sud\u00e1frica, Ghana, Congo, Etiop\u00eda, Namibia, Marruecos, Camer\u00fan.<\/p> <p class=\"translation-block\"><strong><b>Nuestra capacidad de I+D<\/b><\/strong><\/p> <p style=\"color: #000;\">Siempre creemos firmemente que la tecnolog\u00eda es la principal fuerza productiva. Guiados por ese concepto, hemos realizado una gran inversi\u00f3n en la contrataci\u00f3n de muchos expertos mec\u00e1nicos destacados como nuestros consultores, por lo que tenemos una excelente capacidad para investigar y desarrollar nuevos productos y mejorar la calidad de la maquinaria tradicional.<\/p> <p class=\"translation-block\"><strong><b>Nuestra calidad y servicio <\/b><\/strong><\/p> <p style=\"color: #000;\">Siempre nos esforzamos por alcanzar la excelencia. Gracias a una fuerza laboral bien capacitada, un estricto sistema de garant\u00eda de calidad, una gesti\u00f3n optimizada de todo el proceso de producci\u00f3n y unos sistemas de servicio posventa perfectos, nuestros productos y servicios son muy elogiados por clientes nacionales y extranjeros. Basado en el principio de calidad, buena reputaci\u00f3n y cliente primero, tenemos la fe en crear productos de alta calidad entre las industrias relevantes y lograr un excelente rendimiento durante a\u00f1os. Estamos muy dedicados a brindar productos de primera calidad y un servicio satisfecho a todos. clientes y esperamos cooperar sinceramente con ellos para tener un futuro brillante. Nuestra empresa tiene como objetivo innovar en la pr\u00e1ctica y brindar una garant\u00eda confiable desde la producci\u00f3n hasta la venta. Nuestra declaraci\u00f3n de calidad se reduce a una sola palabra: compromiso, con la agricultura, los agricultores y los consumidores de productos, que nos esforzamos por cumplir cada d\u00eda.<\/p> <p>&nbsp;<\/p> <p class=\"translation-block\"><strong><b>Nuestras metas para \u00c1frica <\/b><\/strong><\/p> <p style=\"color: #000;\">Desde que se construy\u00f3 la Rep\u00fablica Popular China en 1949, siempre se ha prestado mucha atenci\u00f3n a la agricultura. Hoy en d\u00eda, China ha sido uno de los<br \/> los pa\u00edses con mayor agricultura del mundo. El gobierno chino pide a las empresas chinas que ayuden y apoyen a \u00c1frica<br \/> desarrollo en los \u00faltimos a\u00f1os. Como uno de los proveedores agr\u00edcolas m\u00e1s profesionales de China, nuestra empresa tiene mucho<br \/> experiencia en m\u00e1quinas agr\u00edcolas y dominio de tecnolog\u00eda avanzada durante el<br \/> desarrollo durante 70 a\u00f1os. Respondemos positivamente a la pol\u00edtica del gobierno y participamos en una exposici\u00f3n que investiga \u00c1frica<br \/> mercado y proporcionar a nuestras m\u00e1quinas agr\u00edcolas precios bajos y alta calidad. Nuestra primera aspiraci\u00f3n seguir\u00e1 siendo ayudar a los agricultores<br \/> cosechar m\u00e1s granos y resolver el problema de la Alimentaci\u00f3n y la Agricultura. Amamos el mundo y la paz y aspiramos a unirnos en esfuerzos concertados<br \/> con amigos africanos para crear una vida hermosa.<\/p> <p>&nbsp;<\/p>","protected":false},"excerpt":{"rendered":"<p>Ubicaci\u00f3n de nuestra empresa Zhengzhou Taizy\u00a0Machinery Co., Ltd\u00a0es una empresa reconocida que integra investigaci\u00f3n cient\u00edfica, desarrollo, dise\u00f1o, fabricaci\u00f3n y ventas en su conjunto. Est\u00e1 ubicado en la Zona de Desarrollo Econ\u00f3mico y Tecnol\u00f3gico de Zhengzhou, que es un centro comercial y econ\u00f3mico, que se dedica principalmente a la importaci\u00f3n y exportaci\u00f3n de equipos mec\u00e1nicos. Aqu\u00ed cuenta con m\u00e1s de 300 empleados, todos motivados con...<\/p>","protected":false},"author":1,"featured_media":0,"parent":0,"menu_order":0,"comment_status":"open","ping_status":"closed","template":"","meta":{"_kad_blocks_custom_css":"","_kad_blocks_head_custom_js":"","_kad_blocks_body_custom_js":"","_kad_blocks_footer_custom_js":"","_kad_post_transparent":"","_kad_post_title":"","_kad_post_layout":"","_kad_post_sidebar_id":"","_kad_post_content_style":"","_kad_post_vertical_padding":"","_kad_post_feature":"","_kad_post_feature_position":"","_kad_post_header":false,"_kad_post_footer":false,"_kad_post_classname":"","footnotes":""},"class_list":["post-6","page","type-page","status-publish","hentry"],"taxonomy_info":[],"featured_image_src_large":false,"author_info":{"display_name":"Casava Machines","author_link":"https:\/\/www.cassavaequipment.com\/es\/author\/shuli2018107"},"comment_info":0,"_links":{"self":[{"href":"https:\/\/www.cassavaequipment.com\/es\/wp-json\/wp\/v2\/pages\/6","targetHints":{"allow":["GET"]}}],"collection":[{"href":"https:\/\/www.cassavaequipment.com\/es\/wp-json\/wp\/v2\/pages"}],"about":[{"href":"https:\/\/www.cassavaequipment.com\/es\/wp-json\/wp\/v2\/types\/page"}],"author":[{"embeddable":true,"href":"https:\/\/www.cassavaequipment.com\/es\/wp-json\/wp\/v2\/users\/1"}],"replies":[{"embeddable":true,"href":"https:\/\/www.cassavaequipment.com\/es\/wp-json\/wp\/v2\/comments?post=6"}],"version-history":[{"count":0,"href":"https:\/\/www.cassavaequipment.com\/es\/wp-json\/wp\/v2\/pages\/6\/revisions"}],"wp:attachment":[{"href":"https:\/\/www.cassavaequipment.com\/es\/wp-json\/wp\/v2\/media?parent=6"}],"curies":[{"name":"wp","href":"https:\/\/api.w.org\/{rel}","templated":true}]}}