{"id":6,"date":"2018-10-08T06:38:49","date_gmt":"2018-10-08T06:38:49","guid":{"rendered":"http:\/\/www.cassavaequipment.com\/?page_id=6"},"modified":"2018-10-15T06:21:45","modified_gmt":"2018-10-15T06:21:45","slug":"about-us","status":"publish","type":"page","link":"https:\/\/www.cassavaequipment.com\/fr\/about-us","title":{"rendered":"\u00c0 propos de nous"},"content":{"rendered":"<p class=\"translation-block\"><strong><b>Notre emplacement d'entreprise <\/b><\/strong><\/p> <p style=\"color: #000;\">Zhengzhou Taizy\u00a0Machinery Co., Ltd\u00a0est une\u00a0entreprise bien connue qui int\u00e8gre la recherche scientifique, le d\u00e9veloppement, la conception, la fabrication et la vente dans son ensemble. Il est situ\u00e9 dans la zone de d\u00e9veloppement \u00e9conomique et technologique de Zhengzhou, qui est un centre commercial et \u00e9conomique, principalement engag\u00e9 dans l'importation et l'exportation d'\u00e9quipements m\u00e9caniques. Ici, nous avons plus de 300 employ\u00e9s tous motiv\u00e9s par la joie de travailler en famille.<\/p> <p class=\"translation-block\"><img style=\"width: 800px\" src=\"http:\/\/www.cassavaequipment.com\/images\/About-us1.jpg\" alt=\"about-us1\" \/><br \/> <strong><b>Nos principaux produits et march\u00e9<\/b><\/strong><\/p> <p style=\"color: #000;\">Nos principaux produits comprennent la batteuse, la machine \u00e0 laver le manioc, la machine de concassage et de filtrage, la machine de filtrage du manioc, la machine de filtrage, la machine de dessandage de manioc, la machine de s\u00e9chage d'amidon. Ces derni\u00e8res ann\u00e9es, nos produits ont joui d'une grande popularit\u00e9 sur le march\u00e9 de l'Afrique et de l'Asie du Sud-Est, comme le Nig\u00e9ria. , Kenya, Afrique du Sud, Ghana, Congo, \u00c9thiopie, Namibie, Maroc, Cameroun.<\/p> <p class=\"translation-block\"><strong><b>Notre capacit\u00e9 de R&amp;D<\/b><\/strong><\/p> <p style=\"color: #000;\">Nous croyons toujours fermement que la technologie est la principale force productive. Guid\u00e9s par un tel\u00a0concept, nous\u00a0avons\u00a0investi\u00a0important\u00a0dans l'embauche de nombreux experts en m\u00e9canique exceptionnels\u00a0en tant que consultants, nous\u00a0avons\u00a0une\u00a0excellente\u00a0capacit\u00e9 \u00e0 rechercher et d\u00e9velopper de nouveaux produits et \u00e0 am\u00e9liorer la qualit\u00e9 des machines traditionnelles.<\/p> <p class=\"translation-block\"><strong><b>Notre QC et notre service <\/b><\/strong><\/p> <p style=\"color: #000;\">Nous visons toujours l'excellence. Gr\u00e2ce \u00e0 une main-d'\u0153uvre bien form\u00e9e, un syst\u00e8me d'assurance qualit\u00e9 strict, une gestion optimis\u00e9e de l'ensemble du processus de production et des syst\u00e8mes de service apr\u00e8s-vente parfaits, nos produits et services sont tr\u00e8s appr\u00e9ci\u00e9s par les clients nationaux et \u00e9trangers. Bas\u00e9 sur le principe de la qualit\u00e9, de la bonne r\u00e9putation et du client d'abord, nous avons la foi de cr\u00e9er des produits de haute qualit\u00e9 parmi les industries concern\u00e9es et d'obtenir d'excellentes performances pendant des si\u00e8cles. Nous nous engageons grandement \u00e0 fournir des produits de qualit\u00e9 sup\u00e9rieure et un service satisfaisant \u00e0 tous. clients et nous attendons avec impatience une coop\u00e9ration sinc\u00e8re avec eux pour un avenir radieux. Notre entreprise vise \u00e0 innover dans la pratique et \u00e0 fournir une garantie fiable de la production \u00e0 la vente. Notre d\u00e9claration de qualit\u00e9 se r\u00e9sume en un seul mot \u2013 engagement \u2013 \u200b\u200benvers l'agriculture, les agriculteurs et les consommateurs de produits, que nous nous effor\u00e7ons de respecter chaque jour.<\/p> <p>&nbsp;<\/p> <p class=\"translation-block\"><strong><b>Nos objectifs pour l'Afrique <\/b><\/strong><\/p> <p style=\"color: #000;\">Depuis\u00a0la\u00a0R\u00e9publique\u00a0populaire\u00a0de\u00a0Chine\u00a0a\u00a0\u00e9t\u00e9\u00a0construite\u00a0en\u00a01949\u00a0, elle\u00a0accorde\u00a0toujours\u00a0une\u00a0beaucoup\u00a0d'attention\u00a0\u00e0\u00a0l'agriculture.<br \/> les plus grands pays agricoles du monde. Le\u00a0gouvernement\u00a0chinois\u00a0appelle\u00a0les\u00a0entreprises\u00a0chinoises\u00a0\u00e0\u00a0assister\u00a0et\u00a0soutenir\u00a0les\u00a0africains<br \/> d\u00e9veloppement\u00a0au\u00a0ces\u00a0derni\u00e8res\u00a0ann\u00e9es\u00a0. En tant que l'un des fournisseurs agricoles les plus professionnels en Chine, notre entreprise a beaucoup<br \/> exp\u00e9rience\u00a0sur\u00a0les\u00a0machines\u00a0agro\u00a0et\u00a0ma\u00eetriser\u00a0la\u00a0technologie\u00a0avanc\u00e9e\u00a0pendant\u00a0le<br \/> d\u00e9veloppement\u00a0depuis\u00a070\u00a0ans\u00a0. Nous\u00a0r\u00e9pons\u00a0positivement\u00a0\u00e0\u00a0la\u00a0politique\u00a0du\u00a0gouvernement\u00a0et\u00a0participons\u00a0\u00e0\u00a0une\u00a0exposition\u00a0,\u00a0enqu\u00eatant\u00a0sur\u00a0l'Afrique<br \/> march\u00e9\u00a0et\u00a0fournir\u00a0\u00e0\u00a0nos\u00a0agro\u00a0machines\u00a0des\u00a0prix\u00a0bas\u00a0et\u00a0de\u00a0haute\u00a0qualit\u00e9. Nous\u00a0restons\u00a0notre\u00a0premi\u00e8re\u00a0aspiration\u00a0pour\u00a0aider\u00a0les\u00a0agriculteurs<br \/> r\u00e9colter\u00a0plus\u00a0de\u00a0c\u00e9r\u00e9ales\u00a0et\u00a0r\u00e9soudre\u00a0le\u00a0probl\u00e8me\u00a0de\u00a0l'alimentation\u00a0et\u00a0de\u00a0l'agriculture\u00a0. Nous\u00a0aimons\u00a0le\u00a0monde\u00a0et\u00a0la\u00a0paix\u00a0et\u00a0\u00a0visons\u00a0\u00e0\u00a0nous\u00a0unir\u00a0dans\u00a0un\u00a0efforts\u00a0concert\u00e9s<br \/> avec\u00a0des\u00a0amis\u00a0africains\u00a0pour\u00a0cr\u00e9er\u00a0une\u00a0belle\u00a0vie\u00a0\u00a0\u00a0.<\/p> <p>&nbsp;<\/p>","protected":false},"excerpt":{"rendered":"<p>Emplacement de notre entreprise Zhengzhou Taizy\u00a0Machinery Co., Ltd\u00a0est une entreprise bien connue qui int\u00e8gre la recherche scientifique, le d\u00e9veloppement, la conception, la fabrication et la vente dans son ensemble. Elle est situ\u00e9e dans la zone de d\u00e9veloppement \u00e9conomique et technologique de Zhengzhou, qui est un centre commercial et \u00e9conomique, principalement engag\u00e9 dans l'importation et l'exportation d'\u00e9quipements m\u00e9caniques. Ici, nous avons plus de 300 employ\u00e9s tous motiv\u00e9s par\u2026<\/p>","protected":false},"author":1,"featured_media":0,"parent":0,"menu_order":0,"comment_status":"open","ping_status":"closed","template":"","meta":{"_kad_blocks_custom_css":"","_kad_blocks_head_custom_js":"","_kad_blocks_body_custom_js":"","_kad_blocks_footer_custom_js":"","_kad_post_transparent":"","_kad_post_title":"","_kad_post_layout":"","_kad_post_sidebar_id":"","_kad_post_content_style":"","_kad_post_vertical_padding":"","_kad_post_feature":"","_kad_post_feature_position":"","_kad_post_header":false,"_kad_post_footer":false,"_kad_post_classname":"","footnotes":""},"class_list":["post-6","page","type-page","status-publish","hentry"],"taxonomy_info":[],"featured_image_src_large":false,"author_info":{"display_name":"Casava Machines","author_link":"https:\/\/www.cassavaequipment.com\/fr\/author\/shuli2018107"},"comment_info":0,"_links":{"self":[{"href":"https:\/\/www.cassavaequipment.com\/fr\/wp-json\/wp\/v2\/pages\/6","targetHints":{"allow":["GET"]}}],"collection":[{"href":"https:\/\/www.cassavaequipment.com\/fr\/wp-json\/wp\/v2\/pages"}],"about":[{"href":"https:\/\/www.cassavaequipment.com\/fr\/wp-json\/wp\/v2\/types\/page"}],"author":[{"embeddable":true,"href":"https:\/\/www.cassavaequipment.com\/fr\/wp-json\/wp\/v2\/users\/1"}],"replies":[{"embeddable":true,"href":"https:\/\/www.cassavaequipment.com\/fr\/wp-json\/wp\/v2\/comments?post=6"}],"version-history":[{"count":0,"href":"https:\/\/www.cassavaequipment.com\/fr\/wp-json\/wp\/v2\/pages\/6\/revisions"}],"wp:attachment":[{"href":"https:\/\/www.cassavaequipment.com\/fr\/wp-json\/wp\/v2\/media?parent=6"}],"curies":[{"name":"wp","href":"https:\/\/api.w.org\/{rel}","templated":true}]}}