{"id":6,"date":"2018-10-08T06:38:49","date_gmt":"2018-10-08T06:38:49","guid":{"rendered":"http:\/\/www.cassavaequipment.com\/?page_id=6"},"modified":"2018-10-15T06:21:45","modified_gmt":"2018-10-15T06:21:45","slug":"about-us","status":"publish","type":"page","link":"https:\/\/www.cassavaequipment.com\/pt\/about-us","title":{"rendered":"Sobre n\u00f3s"},"content":{"rendered":"<p class=\"translation-block\"><strong><b>Localiza\u00e7\u00e3o da Nossa Empresa <\/b><\/strong><\/p> <p style=\"color: #000;\">Zhengzhou Taizy\u00a0Machinery Co., Ltd\u00a0\u00e9 uma empresa bem conhecida que integra pesquisa cient\u00edfica, desenvolvimento, design, fabrica\u00e7\u00e3o e vendas como um todo. Est\u00e1 localizada na Zona de Desenvolvimento Econ\u00f4mico e Tecnol\u00f3gico de Zhengzhou, que \u00e9 um centro comercial e econ\u00f4mico, que se dedica principalmente \u00e0 importa\u00e7\u00e3o e exporta\u00e7\u00e3o de equipamentos mec\u00e2nicos. Aqui conta com mais de 300 funcion\u00e1rios, todos motivados pela alegria de trabalhar em fam\u00edlia.<\/p> <p class=\"translation-block\"><img style=\"width: 800px\" src=\"http:\/\/www.cassavaequipment.com\/images\/About-us1.jpg\" alt=\"about-us1\" \/><br \/> <strong><b>Os Nossos Principais Produtos e Mercado<\/b><\/strong><\/p> <p style=\"color: #000;\">Nossos principais produtos incluem debulhador, m\u00e1quina de lavar mandioca, m\u00e1quina de tritura\u00e7\u00e3o e filtragem, m\u00e1quina de filtragem de mandioca, m\u00e1quina de filtragem, m\u00e1quina desander de mandioca, m\u00e1quina de secar amido. Nos \u00faltimos anos, nossos produtos t\u00eam desfrutado de grande popularidade no mercado da \u00c1frica e do Sudeste Asi\u00e1tico, como a Nig\u00e9ria , Qu\u00eania, \u00c1frica do Sul, Gana, Congo, Eti\u00f3pia, Nam\u00edbia, Marrocos, Camar\u00f5es.<\/p> <p class=\"translation-block\"><strong><b>A Nossa Capacidade de I&amp;D<\/b><\/strong><\/p> <p style=\"color: #000;\">Sempre acreditamos firmemente que a tecnologia \u00e9 a principal for\u00e7a produtiva. Guiados por esse\u00a0conceito,\u00a0colocamos\u00a0um grande investimento\u00a0na contrata\u00e7\u00e3o de muitos especialistas mec\u00e2nicos de destaque\u00a0como nossos consultores, por isso\u00a0temos\u00a0uma excelente\u00a0capacidade de pesquisar e desenvolver novos produtos e melhorar a qualidade das m\u00e1quinas tradicionais.<\/p> <p class=\"translation-block\"><strong><b>O Nosso CQ e Servi\u00e7o <\/b><\/strong><\/p> <p style=\"color: #000;\">Sempre buscamos a excel\u00eancia. Gra\u00e7as \u00e0 for\u00e7a de trabalho bem treinada, ao rigoroso sistema de garantia de qualidade, ao gerenciamento otimizado de todo o processo de produ\u00e7\u00e3o e aos sistemas de servi\u00e7o p\u00f3s-venda perfeitos, nossos produtos e servi\u00e7os s\u00e3o altamente elogiados por clientes nacionais e internacionais. Com base no princ\u00edpio de orienta\u00e7\u00e3o para a qualidade, boa reputa\u00e7\u00e3o e\u00a0cliente em primeiro lugar, temos f\u00e9 em criar produtos de alta qualidade entre\u00a0os setores relevantes e obter \u00f3timo\u00a0desempenho\u00a0por muito tempo. Estamos muito dedicados a fornecer produtos de qualidade premium e servi\u00e7os satisfeitos\u00a0a\u00a0todos clientes e esperamos uma coopera\u00e7\u00e3o sincera com eles para um futuro brilhante. Nossa empresa tem como objetivo inovar\u00a0na pr\u00e1tica e fornecer\u00a0uma garantia confi\u00e1vel desde a produ\u00e7\u00e3o at\u00e9 a venda. Nossa declara\u00e7\u00e3o de qualidade se resume a uma \u00fanica palavra - compromisso - com a agricultura, os agricultores e os consumidores dos produtos, que nos esfor\u00e7amos para cumprir a cada dia.<\/p> <p>&nbsp;<\/p> <p class=\"translation-block\"><strong><b>Os Nossos Objetivos para \u00c1frica <\/b><\/strong><\/p> <p style=\"color: #000;\">Desde que\u00a0a\u00a0rep\u00fablica\u00a0popular\u00a0da\u00a0China\u00a0foi\u00a0constru\u00edda\u00a0em\u00a01949\u00a0, ela\u00a0est\u00e1\u00a0sempre\u00a0prestando\u00a0muita\u00a0aten\u00e7\u00e3o\u00a0\u00e0\u00a0agricultura\u00a0. Hoje em dia, a\u00a0China\u00a0tem\u00a0sido\u00a0um\u00a0dos\u00a0<br \/> a maioria dos\u00a0\u00a0maiores\u00a0pa\u00edses\u00a0agr\u00edcolas\u00a0do\u00a0mundo\u00a0. O\u00a0governo\u00a0chin\u00eas\u00a0apela\u00a0\u00e0s\u00a0empresas\u00a0chinesas\u00a0para\u00a0ajudar\u00a0e\u00a0apoiar\u00a0a \u00c1frica<br \/> desenvolvimento\u00a0nos\u00a0\u00faltimos\u00a0anos\u00a0. Como\u00a0um\u00a0dos\u00a0fornecedores\u00a0agr\u00edcolas mais\u00a0profissionais\u00a0da\u00a0China\u00a0,\u00a0nossa\u00a0empresa\u00a0tem\u00a0muito\u00a0<br \/> experi\u00eancia\u00a0em\u00a0m\u00e1quinas\u00a0agro\u00a0e\u00a0domine\u00a0tecnologia\u00a0avan\u00e7ada\u00a0durante\u00a0o<br \/> desenvolvimento\u00a0por\u00a070\u00a0anos\u00a0. N\u00f3s\u00a0respondemos\u00a0positivamente\u00a0\u00e0\u00a0pol\u00edtica\u00a0do\u00a0governo\u00a0e\u00a0participamos\u00a0na\u00a0exposi\u00e7\u00e3o\u00a0,\u00a0investigando\u00a0a\u00a0\u00c1frica<br \/> mercado\u00a0e\u00a0fornecendo\u00a0nossas\u00a0m\u00e1quinas agr\u00edcolas\u00a0com\u00a0pre\u00e7o\u00a0baixo\u00a0e\u00a0alta\u00a0qualidade. Continuaremos sendo nossa primeira aspira\u00e7\u00e3o para ajudar os agricultores<br \/> colher\u00a0mais\u00a0gr\u00e3os\u00a0e\u00a0resolver\u00a0o problema\u00a0de\u00a0alimenta\u00e7\u00e3o\u00a0e\u00a0agricultura\u00a0. N\u00f3s\u00a0amamos\u00a0o\u00a0mundo\u00a0e a\u00a0paz\u00a0e\u00a0pretendemos\u00a0nos unir\u00a0em\u00a0esfor\u00e7os\u00a0concertados<br \/> com\u00a0amigos\u00a0africanos\u00a0para\u00a0criar\u00a0uma\u00a0bela\u00a0vida\u00a0\u00a0\u00a0.<\/p> <p>&nbsp;<\/p>","protected":false},"excerpt":{"rendered":"<p>Localiza\u00e7\u00e3o da nossa empresa Zhengzhou Taizy\u00a0Machinery Co., Ltd\u00a0\u00e9 uma empresa bem conhecida que integra pesquisa cient\u00edfica, desenvolvimento, design, fabrica\u00e7\u00e3o e vendas como um todo. Est\u00e1 localizada na Zona de Desenvolvimento Econ\u00f4mico e Tecnol\u00f3gico de Zhengzhou, que\u00a0\u00e9 um centro comercial e econ\u00f4mico,\u00a0que se dedica principalmente\u00a0\u00e0 importa\u00e7\u00e3o e exporta\u00e7\u00e3o de equipamentos mec\u00e2nicos. Aqui conta com mais de 300 funcion\u00e1rios, todos motivados com\u2026<\/p>","protected":false},"author":1,"featured_media":0,"parent":0,"menu_order":0,"comment_status":"open","ping_status":"closed","template":"","meta":{"_kad_blocks_custom_css":"","_kad_blocks_head_custom_js":"","_kad_blocks_body_custom_js":"","_kad_blocks_footer_custom_js":"","_kad_post_transparent":"","_kad_post_title":"","_kad_post_layout":"","_kad_post_sidebar_id":"","_kad_post_content_style":"","_kad_post_vertical_padding":"","_kad_post_feature":"","_kad_post_feature_position":"","_kad_post_header":false,"_kad_post_footer":false,"_kad_post_classname":"","footnotes":""},"class_list":["post-6","page","type-page","status-publish","hentry"],"taxonomy_info":[],"featured_image_src_large":false,"author_info":{"display_name":"Casava Machines","author_link":"https:\/\/www.cassavaequipment.com\/pt\/author\/shuli2018107"},"comment_info":0,"_links":{"self":[{"href":"https:\/\/www.cassavaequipment.com\/pt\/wp-json\/wp\/v2\/pages\/6","targetHints":{"allow":["GET"]}}],"collection":[{"href":"https:\/\/www.cassavaequipment.com\/pt\/wp-json\/wp\/v2\/pages"}],"about":[{"href":"https:\/\/www.cassavaequipment.com\/pt\/wp-json\/wp\/v2\/types\/page"}],"author":[{"embeddable":true,"href":"https:\/\/www.cassavaequipment.com\/pt\/wp-json\/wp\/v2\/users\/1"}],"replies":[{"embeddable":true,"href":"https:\/\/www.cassavaequipment.com\/pt\/wp-json\/wp\/v2\/comments?post=6"}],"version-history":[{"count":0,"href":"https:\/\/www.cassavaequipment.com\/pt\/wp-json\/wp\/v2\/pages\/6\/revisions"}],"wp:attachment":[{"href":"https:\/\/www.cassavaequipment.com\/pt\/wp-json\/wp\/v2\/media?parent=6"}],"curies":[{"name":"wp","href":"https:\/\/api.w.org\/{rel}","templated":true}]}}